{"id":8331,"date":"2026-04-24T01:49:53","date_gmt":"2026-04-23T22:49:53","guid":{"rendered":"https:\/\/madisticaret.com\/?page_id=8331"},"modified":"2026-04-24T02:21:28","modified_gmt":"2026-04-23T23:21:28","slug":"granules-prills-urea","status":"publish","type":"page","link":"https:\/\/madisticaret.com\/en\/granules-prills-urea\/","title":{"rendered":"Sodium Hydroxide"},"content":{"rendered":"\t\t<div data-elementor-type=\"wp-page\" data-elementor-id=\"8331\" class=\"elementor elementor-8331 elementor-8330\" data-elementor-post-type=\"page\">\n\t\t\t\t<div class=\"elementor-element elementor-element-ded4c98 e-flex e-con-boxed sc_layouts_column_icons_position_left e-con e-parent\" data-id=\"ded4c98\" data-element_type=\"container\" data-e-type=\"container\" data-settings=\"{&quot;background_background&quot;:&quot;classic&quot;}\">\n\t\t\t\t\t<div class=\"e-con-inner\">\n\t\t<div data-animation-type=\"block\" class=\"elementor-element elementor-element-a8bb0f4 e-con-full e-flex sc_layouts_column_icons_position_left animation_type_block elementor-invisible e-con e-child\" data-id=\"a8bb0f4\" data-element_type=\"container\" data-e-type=\"container\" data-settings=\"{&quot;animation&quot;:&quot;ta_fadeinup&quot;}\">\n\t\t\t\t<div class=\"elementor-element elementor-element-6871f63 sc_fly_static elementor-widget elementor-widget-heading\" data-id=\"6871f63\" data-element_type=\"widget\" data-e-type=\"widget\" data-widget_type=\"heading.default\">\n\t\t\t\t\t<p class=\"elementor-heading-title elementor-size-default\">\u00dcr\u00fcnlerimiz<\/p>\t\t\t\t<\/div>\n\t\t\t\t<div class=\"elementor-element elementor-element-cc4ba21 elementor-widget__width-initial sc_fly_static elementor-widget elementor-widget-heading\" data-id=\"cc4ba21\" data-element_type=\"widget\" data-e-type=\"widget\" data-widget_type=\"heading.default\">\n\t\t\t\t\t<h4 class=\"elementor-heading-title elementor-size-default\">Sodyum Hidroksit<\/h4>\t\t\t\t<\/div>\n\t\t\t\t<\/div>\n\t\t<div class=\"elementor-element elementor-element-b4eab9f e-grid e-con-full sc_layouts_column_icons_position_left e-con e-child\" data-id=\"b4eab9f\" data-element_type=\"container\" data-e-type=\"container\">\n\t\t<div class=\"elementor-element elementor-element-0334fd8 e-con-full e-flex sc_layouts_column_icons_position_left e-con e-child\" data-id=\"0334fd8\" data-element_type=\"container\" data-e-type=\"container\">\n\t\t\t\t<div data-animation-type=\"block\" class=\"elementor-element elementor-element-3523964 animation_type_block sc_fly_static elementor-invisible elementor-widget elementor-widget-image\" data-id=\"3523964\" data-element_type=\"widget\" data-e-type=\"widget\" data-settings=\"{&quot;_animation&quot;:&quot;ta_fadeinup&quot;}\" data-widget_type=\"image.default\">\n\t\t\t\t\t\t\t\t\t\t\t\t\t\t\t<img fetchpriority=\"high\" decoding=\"async\" width=\"1024\" height=\"576\" src=\"https:\/\/madisticaret.com\/wp-content\/uploads\/2026\/04\/Sodium-Hydroxide.jpg\" class=\"attachment-full size-full wp-image-8344\" alt=\"\" srcset=\"https:\/\/madisticaret.com\/wp-content\/uploads\/2026\/04\/Sodium-Hydroxide.jpg 1024w, https:\/\/madisticaret.com\/wp-content\/uploads\/2026\/04\/Sodium-Hydroxide-300x169.jpg 300w, https:\/\/madisticaret.com\/wp-content\/uploads\/2026\/04\/Sodium-Hydroxide-768x432.jpg 768w, https:\/\/madisticaret.com\/wp-content\/uploads\/2026\/04\/Sodium-Hydroxide-370x208.jpg 370w, https:\/\/madisticaret.com\/wp-content\/uploads\/2026\/04\/Sodium-Hydroxide-924x520.jpg 924w, https:\/\/madisticaret.com\/wp-content\/uploads\/2026\/04\/Sodium-Hydroxide-410x231.jpg 410w\" sizes=\"(max-width: 1024px) 100vw, 1024px\" \/>\t\t\t\t\t\t\t\t\t\t\t\t\t\t\t<\/div>\n\t\t\t\t<\/div>\n\t\t<div class=\"elementor-element elementor-element-f8bf5b6 e-con-full e-flex sc_layouts_column_icons_position_left e-con e-child\" data-id=\"f8bf5b6\" data-element_type=\"container\" data-e-type=\"container\">\n\t\t\t\t<div class=\"elementor-element elementor-element-f2b9b56 sc_gradient_animation_none sc_fly_static elementor-widget elementor-widget-text-editor\" data-id=\"f2b9b56\" data-element_type=\"widget\" data-e-type=\"widget\" data-widget_type=\"text-editor.default\">\n\t\t\t\t\t\t\t\t\t<style>\n .table_component {overflow:auto;width:100%;} \n .table_component table {border:1px solid #dededf;height:100%;width:100%;table-layout:auto;border-collapse:collapse;border-spacing:1px;text-align:left;} \n .table_component caption {caption-side:top;text-align:left;} \n .table_component th {border:1px solid #dededf;background-color:#ffffff;color:#000000;padding:5px;} \n .table_component td {border:1px solid #dededf;padding:5px;} \n .table_component tr:nth-child(even) td {background-color:#ffffff;color:#000000;} \n .table_component tr:nth-child(odd) td {background-color:#ededed;color:#000000;}\n<\/style>\n\n<div class=\"table_component\" tabindex=\"0\" role=\"region\">\n<table>\n<caption><b>SODIUM HYDROXIDE (NaOH) ANALYSIS<\/b><\/caption>\n<thead>\n<tr>\n<th>Row<\/th>\n<th>Physical and Chemical Properties<\/th>\n<th>ISIRI Compliant Range<\/th>\n<th>CCPC Product Range<\/th>\n<th>Standard Reference<\/th>\n<\/tr>\n<\/thead>\n<tbody>\n<tr>\n<td>1<\/td>\n<td>Purity of Sodium Hydroxide (NaOH) &#8211; % W\/W<\/td>\n<td>Min 98<\/td>\n<td>Min 98<\/td>\n<td>ISIRI 364<\/td>\n<\/tr>\n<tr>\n<td>2<\/td>\n<td>Carbonate as Na\u2082CO\u2083 &#8211; % W\/W<\/td>\n<td>Max 1<\/td>\n<td>Max 0.5<\/td>\n<td>ISIRI 364<\/td>\n<\/tr>\n<tr>\n<td>3<\/td>\n<td>Chloride as NaCl &#8211; % W\/W<\/td>\n<td>Max 0.06<\/td>\n<td>Max 0.02<\/td>\n<td>ISIRI 364<\/td>\n<\/tr>\n<tr>\n<td>4<\/td>\n<td>Sulfate as Na\u2082SO\u2084 &#8211; % W\/W<\/td>\n<td>Max 0.01<\/td>\n<td>Max 0.005<\/td>\n<td>ISIRI 364<\/td>\n<\/tr>\n<tr>\n<td>5<\/td>\n<td>Silicate as SiO\u2082 &#8211; % W\/W<\/td>\n<td>Max 0.02<\/td>\n<td>Max 0.005<\/td>\n<td>ISIRI 364<\/td>\n<\/tr>\n<tr>\n<td>6<\/td>\n<td>Iron as Fe &#8211; mg\/Kg<\/td>\n<td>Max 30<\/td>\n<td>Max 15<\/td>\n<td>ISIRI 364<\/td>\n<\/tr>\n<tr>\n<td>7<\/td>\n<td>Insoluble in Water &#8211; % W\/W<\/td>\n<td>Max 0.1<\/td>\n<td>0<\/td>\n<td>ISIRI 364<\/td>\n<\/tr>\n<tr>\n<td>8<\/td>\n<td>Aluminum as Al\u2082O\u2083 &#8211; mg\/Kg<\/td>\n<td>Max 20<\/td>\n<td>Max 20<\/td>\n<td>ISIRI 364<\/td>\n<\/tr>\n<tr>\n<td>9<\/td>\n<td>Heavy Metals as Pb &#8211; mg\/Kg<\/td>\n<td>Max 20<\/td>\n<td>Max 20<\/td>\n<td>ISIRI 364<\/td>\n<\/tr>\n<tr>\n<td>10<\/td>\n<td>Mercury as Hg &#8211; mg\/Kg<\/td>\n<td>Max 0.2<\/td>\n<td>Max 0.15<\/td>\n<td>ISIRI 364<\/td>\n<\/tr>\n<tr>\n<td>11<\/td>\n<td>Arsenic as As &#8211; mg\/Kg<\/td>\n<td>Max 2<\/td>\n<td>Max 0.5<\/td>\n<td>ISIRI 364<\/td>\n<\/tr>\n<tr>\n<td>12<\/td>\n<td>Appearance<\/td>\n<td>White Color, Free of Visible Impurities<\/td>\n<td>OK<\/td>\n<td>ISIRI 364<\/td>\n<\/tr>\n<\/tbody>\n<\/table>\n<\/div>\t\t\t\t\t\t\t\t<\/div>\n\t\t\t\t<\/div>\n\t\t\t\t<\/div>\n\t\t<div data-animation-type=\"block\" class=\"elementor-element elementor-element-64fe012 e-con-full e-flex sc_layouts_column_icons_position_left animation_type_block elementor-invisible e-con e-child\" data-id=\"64fe012\" data-element_type=\"container\" data-e-type=\"container\" data-settings=\"{&quot;animation&quot;:&quot;ta_fadeinup&quot;,&quot;animation_delay&quot;:100,&quot;background_background&quot;:&quot;classic&quot;}\">\n\t\t<div class=\"elementor-element elementor-element-104eb1c e-con-full e-flex sc_layouts_column_icons_position_left e-con e-child\" data-id=\"104eb1c\" data-element_type=\"container\" data-e-type=\"container\">\n\t\t<div class=\"elementor-element elementor-element-1f6737d e-con-full e-flex sc_layouts_column_icons_position_left e-con e-child\" data-id=\"1f6737d\" data-element_type=\"container\" data-e-type=\"container\">\n\t\t\t\t<div class=\"elementor-element elementor-element-869d1d1 elementor-view-default sc_fly_static elementor-widget elementor-widget-icon\" data-id=\"869d1d1\" data-element_type=\"widget\" data-e-type=\"widget\" data-widget_type=\"icon.default\">\n\t\t\t\t\t\t\t<div class=\"elementor-icon-wrapper\">\n\t\t\t<div class=\"elementor-icon\">\n\t\t\t<svg aria-hidden=\"true\" class=\"e-font-icon-svg e-fas-chevron-circle-down\" viewBox=\"0 0 512 512\" xmlns=\"http:\/\/www.w3.org\/2000\/svg\"><path d=\"M504 256c0 137-111 248-248 248S8 393 8 256 119 8 256 8s248 111 248 248zM273 369.9l135.5-135.5c9.4-9.4 9.4-24.6 0-33.9l-17-17c-9.4-9.4-24.6-9.4-33.9 0L256 285.1 154.4 183.5c-9.4-9.4-24.6-9.4-33.9 0l-17 17c-9.4 9.4-9.4 24.6 0 33.9L239 369.9c9.4 9.4 24.6 9.4 34 0z\"><\/path><\/svg>\t\t\t<\/div>\n\t\t<\/div>\n\t\t\t\t\t\t<\/div>\n\t\t\t\t<div class=\"elementor-element elementor-element-5ea9c81 sc_fly_static elementor-widget elementor-widget-heading\" data-id=\"5ea9c81\" data-element_type=\"widget\" data-e-type=\"widget\" data-widget_type=\"heading.default\">\n\t\t\t\t\t<h5 class=\"elementor-heading-title elementor-size-default\">Sodyum Hidroksit (Kostik Soda \u2013 Flake)<\/h5>\t\t\t\t<\/div>\n\t\t\t\t<div class=\"elementor-element elementor-element-d23975f sc_fly_static elementor-widget elementor-widget-text-editor\" data-id=\"d23975f\" data-element_type=\"widget\" data-e-type=\"widget\" data-widget_type=\"text-editor.default\">\n\t\t\t\t\t\t\t\t\t<div class=\"elementor-element elementor-element-36377b4 elementor-widget elementor-widget-text-editor\" data-id=\"36377b4\" data-element_type=\"widget\" data-e-type=\"widget\" data-widget_type=\"text-editor.default\"><div class=\"elementor-widget-container\"><div class=\"elementor-element elementor-element-36377b4 elementor-widget elementor-widget-text-editor\" data-id=\"36377b4\" data-element_type=\"widget\" data-e-type=\"widget\" data-widget_type=\"text-editor.default\"><div class=\"elementor-widget-container\"><div class=\"elementor-element elementor-element-36377b4 elementor-widget elementor-widget-text-editor\" data-id=\"36377b4\" data-element_type=\"widget\" data-e-type=\"widget\" data-widget_type=\"text-editor.default\"><div class=\"elementor-widget-container\"><div class=\"elementor-element elementor-element-36377b4 elementor-widget elementor-widget-text-editor\" data-id=\"36377b4\" data-element_type=\"widget\" data-e-type=\"widget\" data-widget_type=\"text-editor.default\"><div class=\"elementor-widget-container\">Sodyum Hidroksit (NaOH), g\u00fc\u00e7l\u00fc alkali yap\u0131ya sahip, end\u00fcstride yayg\u0131n olarak kullan\u0131lan temel kimyasallardan biridir. Pul (flake) formunda \u00fcretilen bu \u00fcr\u00fcn, y\u00fcksek safl\u0131k oran\u0131 sayesinde bir\u00e7ok sekt\u00f6rde g\u00fcvenle tercih edilir. Sodyum Hidroksit, kimyasal reaksiyonlarda etkin rol oynar ve pH d\u00fczenleme, \u00e7\u00f6z\u00fcnd\u00fcrme ve ar\u0131tma s\u00fcre\u00e7lerinde kritik bir bile\u015fen olarak kullan\u0131l\u0131r.<\/div><\/div><\/div><\/div><\/div><\/div><\/div><\/div>\t\t\t\t\t\t\t\t<\/div>\n\t\t\t\t<\/div>\n\t\t<div class=\"elementor-element elementor-element-4f43798 e-con-full e-flex sc_layouts_column_icons_position_left e-con e-child\" data-id=\"4f43798\" data-element_type=\"container\" data-e-type=\"container\">\n\t\t\t\t<div class=\"elementor-element elementor-element-94abd30 elementor-view-default sc_fly_static elementor-widget elementor-widget-icon\" data-id=\"94abd30\" data-element_type=\"widget\" data-e-type=\"widget\" data-widget_type=\"icon.default\">\n\t\t\t\t\t\t\t<div class=\"elementor-icon-wrapper\">\n\t\t\t<div class=\"elementor-icon\">\n\t\t\t<svg aria-hidden=\"true\" class=\"e-font-icon-svg e-fas-angle-down\" viewBox=\"0 0 320 512\" xmlns=\"http:\/\/www.w3.org\/2000\/svg\"><path d=\"M143 352.3L7 216.3c-9.4-9.4-9.4-24.6 0-33.9l22.6-22.6c9.4-9.4 24.6-9.4 33.9 0l96.4 96.4 96.4-96.4c9.4-9.4 24.6-9.4 33.9 0l22.6 22.6c9.4 9.4 9.4 24.6 0 33.9l-136 136c-9.2 9.4-24.4 9.4-33.8 0z\"><\/path><\/svg>\t\t\t<\/div>\n\t\t<\/div>\n\t\t\t\t\t\t<\/div>\n\t\t\t\t<div class=\"elementor-element elementor-element-7706ae6 sc_fly_static elementor-widget elementor-widget-heading\" data-id=\"7706ae6\" data-element_type=\"widget\" data-e-type=\"widget\" data-widget_type=\"heading.default\">\n\t\t\t\t\t<h5 class=\"elementor-heading-title elementor-size-default\">Kullan\u0131m Alanlar\u0131<\/h5>\t\t\t\t<\/div>\n\t\t\t\t<div class=\"elementor-element elementor-element-e9246c0 sc_fly_static elementor-widget elementor-widget-text-editor\" data-id=\"e9246c0\" data-element_type=\"widget\" data-e-type=\"widget\" data-widget_type=\"text-editor.default\">\n\t\t\t\t\t\t\t\t\t<p>Sodyum Hidroksit, geni\u015f kullan\u0131m alan\u0131na sahip \u00e7ok y\u00f6nl\u00fc bir kimyasald\u0131r. Ba\u015fl\u0131ca kullan\u0131m alanlar\u0131 \u015funlard\u0131r:<\/p><ul><li>Kimya Sanayi: Kimyasal \u00fcretim s\u00fcre\u00e7lerinde temel ham madde ve pH d\u00fczenleyici<\/li><li>Ka\u011f\u0131t ve Sel\u00fcloz End\u00fcstrisi: Ka\u011f\u0131t \u00fcretiminde odun liflerinin ayr\u0131\u015ft\u0131r\u0131lmas\u0131<\/li><li>Tekstil Sekt\u00f6r\u00fc: Pamuk i\u015fleme ve kuma\u015f temizleme (merserizasyon) i\u015flemleri<\/li><li>Temizlik \u00dcr\u00fcnleri: Sabun, deterjan ve g\u00fc\u00e7l\u00fc ya\u011f \u00e7\u00f6z\u00fcc\u00fclerin \u00fcretimi<\/li><li>Su Ar\u0131tma: At\u0131k su ar\u0131tma ve pH dengeleme i\u015flemleri<\/li><li>Metal Sanayi: Metal y\u00fczey temizleme ve ya\u011f giderme i\u015flemleri<\/li><li>Petrokimya: Rafinasyon s\u00fcre\u00e7lerinde asidik bile\u015fenlerin giderilmesi<\/li><\/ul>\t\t\t\t\t\t\t\t<\/div>\n\t\t\t\t<\/div>\n\t\t\t\t<\/div>\n\t\t\t\t<\/div>\n\t\t\t\t\t<\/div>\n\t\t\t\t<\/div>\n\t\t<div class=\"elementor-element elementor-element-cee5faa e-con-full e-flex sc_layouts_column_icons_position_left e-con e-parent\" data-id=\"cee5faa\" data-element_type=\"container\" data-e-type=\"container\" data-settings=\"{&quot;background_background&quot;:&quot;classic&quot;}\">\n\t\t<div class=\"elementor-element elementor-element-edd9f38 e-flex e-con-boxed sc_layouts_column_icons_position_left e-con e-child\" data-id=\"edd9f38\" data-element_type=\"container\" data-e-type=\"container\">\n\t\t\t\t\t<div class=\"e-con-inner\">\n\t\t\t\t<div data-animation-type=\"block\" class=\"elementor-element elementor-element-3d8394c elementor-widget-mobile__width-initial animation_type_block sc_fly_static elementor-invisible elementor-widget elementor-widget-image\" data-id=\"3d8394c\" data-element_type=\"widget\" data-e-type=\"widget\" data-settings=\"{&quot;_animation_delay&quot;:100,&quot;_animation&quot;:&quot;ta_fadeinup&quot;}\" data-widget_type=\"image.default\">\n\t\t\t\t\t\t\t\t\t\t\t\t\t\t\t<img decoding=\"async\" width=\"820\" height=\"900\" src=\"https:\/\/madisticaret.com\/wp-content\/uploads\/2026\/02\/ma_addition_scrn-e1771556843375.png\" class=\"attachment-full size-full wp-image-6612\" alt=\"\" srcset=\"https:\/\/madisticaret.com\/wp-content\/uploads\/2026\/02\/ma_addition_scrn-e1771556843375.png 820w, https:\/\/madisticaret.com\/wp-content\/uploads\/2026\/02\/ma_addition_scrn-e1771556843375-273x300.png 273w, https:\/\/madisticaret.com\/wp-content\/uploads\/2026\/02\/ma_addition_scrn-e1771556843375-768x843.png 768w, https:\/\/madisticaret.com\/wp-content\/uploads\/2026\/02\/ma_addition_scrn-e1771556843375-370x406.png 370w, https:\/\/madisticaret.com\/wp-content\/uploads\/2026\/02\/ma_addition_scrn-e1771556843375-410x450.png 410w\" sizes=\"(max-width: 820px) 100vw, 820px\" \/>\t\t\t\t\t\t\t\t\t\t\t\t\t\t\t<\/div>\n\t\t\t\t<div data-animation-type=\"block\" class=\"elementor-element elementor-element-262717e elementor-widget-mobile__width-initial animation_type_block sc_fly_static elementor-invisible elementor-widget elementor-widget-image\" data-id=\"262717e\" data-element_type=\"widget\" data-e-type=\"widget\" data-settings=\"{&quot;_animation_delay&quot;:200,&quot;_animation&quot;:&quot;ta_fadeinup&quot;}\" data-widget_type=\"image.default\">\n\t\t\t\t\t\t\t\t\t\t\t\t\t\t\t<img decoding=\"async\" width=\"820\" height=\"900\" src=\"https:\/\/madisticaret.com\/wp-content\/uploads\/2026\/03\/gemi-genel-scaled-e1773517073689.jpeg\" class=\"attachment-full size-full wp-image-8100\" alt=\"\" srcset=\"https:\/\/madisticaret.com\/wp-content\/uploads\/2026\/03\/gemi-genel-scaled-e1773517073689.jpeg 820w, https:\/\/madisticaret.com\/wp-content\/uploads\/2026\/03\/gemi-genel-scaled-e1773517073689-273x300.jpeg 273w, https:\/\/madisticaret.com\/wp-content\/uploads\/2026\/03\/gemi-genel-scaled-e1773517073689-768x843.jpeg 768w, https:\/\/madisticaret.com\/wp-content\/uploads\/2026\/03\/gemi-genel-scaled-e1773517073689-370x406.jpeg 370w, https:\/\/madisticaret.com\/wp-content\/uploads\/2026\/03\/gemi-genel-scaled-e1773517073689-410x450.jpeg 410w\" sizes=\"(max-width: 820px) 100vw, 820px\" \/>\t\t\t\t\t\t\t\t\t\t\t\t\t\t\t<\/div>\n\t\t\t\t<div data-animation-type=\"block\" class=\"elementor-element elementor-element-d4877d9 animation_type_block sc_fly_static elementor-invisible elementor-widget elementor-widget-image\" data-id=\"d4877d9\" data-element_type=\"widget\" data-e-type=\"widget\" data-settings=\"{&quot;_animation_delay&quot;:300,&quot;_animation&quot;:&quot;ta_fadeinup&quot;}\" data-widget_type=\"image.default\">\n\t\t\t\t\t\t\t\t\t\t\t\t\t\t\t<img loading=\"lazy\" decoding=\"async\" width=\"820\" height=\"898\" src=\"https:\/\/madisticaret.com\/wp-content\/uploads\/2026\/03\/MA-2-scaled-e1773518088660.png\" class=\"attachment-full size-full wp-image-8173\" alt=\"\" srcset=\"https:\/\/madisticaret.com\/wp-content\/uploads\/2026\/03\/MA-2-scaled-e1773518088660.png 820w, https:\/\/madisticaret.com\/wp-content\/uploads\/2026\/03\/MA-2-scaled-e1773518088660-274x300.png 274w, https:\/\/madisticaret.com\/wp-content\/uploads\/2026\/03\/MA-2-scaled-e1773518088660-768x841.png 768w, https:\/\/madisticaret.com\/wp-content\/uploads\/2026\/03\/MA-2-scaled-e1773518088660-370x405.png 370w, https:\/\/madisticaret.com\/wp-content\/uploads\/2026\/03\/MA-2-scaled-e1773518088660-410x449.png 410w\" sizes=\"(max-width: 820px) 100vw, 820px\" \/>\t\t\t\t\t\t\t\t\t\t\t\t\t\t\t<\/div>\n\t\t\t\t\t<\/div>\n\t\t\t\t<\/div>\n\t\t\t\t<\/div>\n\t\t\t\t<\/div>\n\t\t","protected":false},"excerpt":{"rendered":"<p>\u00dcr\u00fcnlerimiz Sodyum Hidroksit SODIUM HYDROXIDE (NaOH) ANALYSIS Row Physical and Chemical Properties ISIRI&hellip;<\/p>\n","protected":false},"author":1,"featured_media":0,"parent":0,"menu_order":0,"comment_status":"closed","ping_status":"closed","template":"","meta":{"_acf_changed":false,"footnotes":""},"class_list":["post-8331","page","type-page","status-publish","hentry"],"acf":[],"_links":{"self":[{"href":"https:\/\/madisticaret.com\/en\/wp-json\/wp\/v2\/pages\/8331","targetHints":{"allow":["GET"]}}],"collection":[{"href":"https:\/\/madisticaret.com\/en\/wp-json\/wp\/v2\/pages"}],"about":[{"href":"https:\/\/madisticaret.com\/en\/wp-json\/wp\/v2\/types\/page"}],"author":[{"embeddable":true,"href":"https:\/\/madisticaret.com\/en\/wp-json\/wp\/v2\/users\/1"}],"replies":[{"embeddable":true,"href":"https:\/\/madisticaret.com\/en\/wp-json\/wp\/v2\/comments?post=8331"}],"version-history":[{"count":3,"href":"https:\/\/madisticaret.com\/en\/wp-json\/wp\/v2\/pages\/8331\/revisions"}],"predecessor-version":[{"id":8346,"href":"https:\/\/madisticaret.com\/en\/wp-json\/wp\/v2\/pages\/8331\/revisions\/8346"}],"wp:attachment":[{"href":"https:\/\/madisticaret.com\/en\/wp-json\/wp\/v2\/media?parent=8331"}],"curies":[{"name":"wp","href":"https:\/\/api.w.org\/{rel}","templated":true}]}}