{"id":6654,"date":"2026-02-20T03:47:14","date_gmt":"2026-02-20T00:47:14","guid":{"rendered":"https:\/\/madisticaret.com\/zinc-and-aluminium\/"},"modified":"2026-03-15T03:21:51","modified_gmt":"2026-03-15T00:21:51","slug":"zinc-and-aluminium","status":"publish","type":"page","link":"https:\/\/madisticaret.com\/en\/zinc-and-aluminium\/","title":{"rendered":"Zinc and Aluminium"},"content":{"rendered":"\t\t<div data-elementor-type=\"wp-page\" data-elementor-id=\"6654\" class=\"elementor elementor-6654 elementor-6213\" data-elementor-post-type=\"page\">\n\t\t\t\t<div class=\"elementor-element elementor-element-ded4c98 e-flex e-con-boxed sc_layouts_column_icons_position_left e-con e-parent\" data-id=\"ded4c98\" data-element_type=\"container\" data-e-type=\"container\" data-settings=\"{&quot;background_background&quot;:&quot;classic&quot;}\">\n\t\t\t\t\t<div class=\"e-con-inner\">\n\t\t<div data-animation-type=\"block\" class=\"elementor-element elementor-element-3f4eb99 e-con-full e-flex sc_layouts_column_icons_position_left animation_type_block elementor-invisible e-con e-child\" data-id=\"3f4eb99\" data-element_type=\"container\" data-e-type=\"container\" data-settings=\"{&quot;animation&quot;:&quot;ta_fadeinup&quot;}\">\n\t\t\t\t<div class=\"elementor-element elementor-element-1fa2327 sc_fly_static elementor-widget elementor-widget-heading\" data-id=\"1fa2327\" data-element_type=\"widget\" data-e-type=\"widget\" data-widget_type=\"heading.default\">\n\t\t\t\t\t<p class=\"elementor-heading-title elementor-size-default\">Our products<\/p>\t\t\t\t<\/div>\n\t\t\t\t<div class=\"elementor-element elementor-element-f3ccc55 elementor-widget__width-initial sc_fly_static elementor-widget elementor-widget-heading\" data-id=\"f3ccc55\" data-element_type=\"widget\" data-e-type=\"widget\" data-widget_type=\"heading.default\">\n\t\t\t\t\t<h4 class=\"elementor-heading-title elementor-size-default\">Zinc and Aluminium<\/h4>\t\t\t\t<\/div>\n\t\t\t\t<\/div>\n\t\t<div class=\"elementor-element elementor-element-34ae156 e-grid e-con-full sc_layouts_column_icons_position_left e-con e-child\" data-id=\"34ae156\" data-element_type=\"container\" data-e-type=\"container\">\n\t\t\t\t<div data-animation-type=\"block\" class=\"elementor-element elementor-element-f1be374 animation_type_block sc_fly_static elementor-invisible elementor-widget elementor-widget-image\" data-id=\"f1be374\" data-element_type=\"widget\" data-e-type=\"widget\" data-settings=\"{&quot;_animation&quot;:&quot;ta_fadeinup&quot;}\" data-widget_type=\"image.default\">\n\t\t\t\t\t\t\t\t\t\t\t\t\t\t\t<img fetchpriority=\"high\" decoding=\"async\" width=\"2560\" height=\"1706\" src=\"https:\/\/madisticaret.com\/wp-content\/uploads\/2026\/03\/cinko-aluminyum-scaled.jpeg\" class=\"attachment-full size-full wp-image-7822\" alt=\"\" srcset=\"https:\/\/madisticaret.com\/wp-content\/uploads\/2026\/03\/cinko-aluminyum-scaled.jpeg 2560w, https:\/\/madisticaret.com\/wp-content\/uploads\/2026\/03\/cinko-aluminyum-300x200.jpeg 300w, https:\/\/madisticaret.com\/wp-content\/uploads\/2026\/03\/cinko-aluminyum-1024x683.jpeg 1024w, https:\/\/madisticaret.com\/wp-content\/uploads\/2026\/03\/cinko-aluminyum-768x512.jpeg 768w, https:\/\/madisticaret.com\/wp-content\/uploads\/2026\/03\/cinko-aluminyum-1536x1024.jpeg 1536w, https:\/\/madisticaret.com\/wp-content\/uploads\/2026\/03\/cinko-aluminyum-2048x1365.jpeg 2048w, https:\/\/madisticaret.com\/wp-content\/uploads\/2026\/03\/cinko-aluminyum-370x247.jpeg 370w, https:\/\/madisticaret.com\/wp-content\/uploads\/2026\/03\/cinko-aluminyum-924x616.jpeg 924w, https:\/\/madisticaret.com\/wp-content\/uploads\/2026\/03\/cinko-aluminyum-410x273.jpeg 410w\" sizes=\"(max-width: 2560px) 100vw, 2560px\" \/>\t\t\t\t\t\t\t\t\t\t\t\t\t\t\t<\/div>\n\t\t<div data-animation-type=\"block\" class=\"elementor-element elementor-element-f493059 e-con-full e-flex sc_layouts_column_icons_position_left animation_type_block elementor-invisible e-con e-child\" data-id=\"f493059\" data-element_type=\"container\" data-e-type=\"container\" data-settings=\"{&quot;animation&quot;:&quot;ta_fadeinup&quot;,&quot;animation_delay&quot;:100,&quot;background_background&quot;:&quot;classic&quot;}\">\n\t\t<div class=\"elementor-element elementor-element-65221b4 e-con-full e-flex sc_layouts_column_icons_position_left e-con e-child\" data-id=\"65221b4\" data-element_type=\"container\" data-e-type=\"container\">\n\t\t\t\t<div class=\"elementor-element elementor-element-63fe61e elementor-view-default sc_fly_static elementor-widget elementor-widget-icon\" data-id=\"63fe61e\" data-element_type=\"widget\" data-e-type=\"widget\" data-widget_type=\"icon.default\">\n\t\t\t\t\t\t\t<div class=\"elementor-icon-wrapper\">\n\t\t\t<div class=\"elementor-icon\">\n\t\t\t<svg aria-hidden=\"true\" class=\"e-font-icon-svg e-fas-chevron-circle-down\" viewBox=\"0 0 512 512\" xmlns=\"http:\/\/www.w3.org\/2000\/svg\"><path d=\"M504 256c0 137-111 248-248 248S8 393 8 256 119 8 256 8s248 111 248 248zM273 369.9l135.5-135.5c9.4-9.4 9.4-24.6 0-33.9l-17-17c-9.4-9.4-24.6-9.4-33.9 0L256 285.1 154.4 183.5c-9.4-9.4-24.6-9.4-33.9 0l-17 17c-9.4 9.4-9.4 24.6 0 33.9L239 369.9c9.4 9.4 24.6 9.4 34 0z\"><\/path><\/svg>\t\t\t<\/div>\n\t\t<\/div>\n\t\t\t\t\t\t<\/div>\n\t\t<div class=\"elementor-element elementor-element-5919cca e-con-full e-flex sc_layouts_column_icons_position_left e-con e-child\" data-id=\"5919cca\" data-element_type=\"container\" data-e-type=\"container\">\n\t\t\t\t<div class=\"elementor-element elementor-element-7f07cac sc_fly_static elementor-widget elementor-widget-heading\" data-id=\"7f07cac\" data-element_type=\"widget\" data-e-type=\"widget\" data-widget_type=\"heading.default\">\n\t\t\t\t\t<h5 class=\"elementor-heading-title elementor-size-default\">\u00c7inko ve Al\u00fcminyum Sekt\u00f6r\u00fc<\/h5>\t\t\t\t<\/div>\n\t\t\t\t<div class=\"elementor-element elementor-element-13e16c1 sc_fly_static elementor-widget elementor-widget-text-editor\" data-id=\"13e16c1\" data-element_type=\"widget\" data-e-type=\"widget\" data-widget_type=\"text-editor.default\">\n\t\t\t\t\t\t\t\t\t<p>Aluminium and zinc are two critical building blocks of modern industry. At MA D\u0131\u015f Ticaret, we combine these two durable and versatile metals to provide the highest quality solutions to the industrial and construction sectors. Thanks to aluminium&#8217;s lightness and recyclability, and zinc&#8217;s corrosion resistance and durability, our products have a wide range of applications across various sectors. MA Foreign Trade stands out in the aluminium and zinc sector with its customer-focused approach and innovative solutions.   <\/p>\t\t\t\t\t\t\t\t<\/div>\n\t\t<div class=\"elementor-element elementor-element-6a5b0c2 e-con-full e-flex sc_layouts_column_icons_position_left e-con e-child\" data-id=\"6a5b0c2\" data-element_type=\"container\" data-e-type=\"container\">\n\t\t\t\t<div class=\"elementor-element elementor-element-865a8c1 elementor-view-default sc_fly_static elementor-widget elementor-widget-icon\" data-id=\"865a8c1\" data-element_type=\"widget\" data-e-type=\"widget\" data-widget_type=\"icon.default\">\n\t\t\t\t\t\t\t<div class=\"elementor-icon-wrapper\">\n\t\t\t<div class=\"elementor-icon\">\n\t\t\t<svg aria-hidden=\"true\" class=\"e-font-icon-svg e-fas-clone\" viewBox=\"0 0 512 512\" xmlns=\"http:\/\/www.w3.org\/2000\/svg\"><path d=\"M464 0c26.51 0 48 21.49 48 48v288c0 26.51-21.49 48-48 48H176c-26.51 0-48-21.49-48-48V48c0-26.51 21.49-48 48-48h288M176 416c-44.112 0-80-35.888-80-80V128H48c-26.51 0-48 21.49-48 48v288c0 26.51 21.49 48 48 48h288c26.51 0 48-21.49 48-48v-48H176z\"><\/path><\/svg>\t\t\t<\/div>\n\t\t<\/div>\n\t\t\t\t\t\t<\/div>\n\t\t<div class=\"elementor-element elementor-element-faafd44 e-con-full e-flex sc_layouts_column_icons_position_left e-con e-child\" data-id=\"faafd44\" data-element_type=\"container\" data-e-type=\"container\">\n\t\t\t\t<div class=\"elementor-element elementor-element-959587c sc_fly_static elementor-widget elementor-widget-heading\" data-id=\"959587c\" data-element_type=\"widget\" data-e-type=\"widget\" data-widget_type=\"heading.default\">\n\t\t\t\t\t<h5 class=\"elementor-heading-title elementor-size-default\">Our Product Range:<\/h5>\t\t\t\t<\/div>\n\t\t\t\t<div class=\"elementor-element elementor-element-02e130d sc_fly_static elementor-widget elementor-widget-text-editor\" data-id=\"02e130d\" data-element_type=\"widget\" data-e-type=\"widget\" data-widget_type=\"text-editor.default\">\n\t\t\t\t\t\t\t\t\t<p>MA Foreign Trade offers a wide range of products in the aluminium and zinc sectors. Our aluminium products include sheets, profiles, foils and various alloys, while our zinc products range from coatings, sheets and special alloys. Our products are manufactured in accordance with international quality standards and are meticulously controlled. Our aluminium and zinc products, which can be customised to meet our customers&#8217; needs, possess superior qualities in terms of durability and performance.   <\/p>\t\t\t\t\t\t\t\t<\/div>\n\t\t\t\t<\/div>\n\t\t\t\t<\/div>\n\t\t\t\t<\/div>\n\t\t\t\t<\/div>\n\t\t\t\t<\/div>\n\t\t\t\t<\/div>\n\t\t\t\t\t<\/div>\n\t\t\t\t<\/div>\n\t\t<div class=\"elementor-element elementor-element-cee5faa e-con-full e-flex sc_layouts_column_icons_position_left e-con e-parent\" data-id=\"cee5faa\" data-element_type=\"container\" data-e-type=\"container\" data-settings=\"{&quot;background_background&quot;:&quot;classic&quot;}\">\n\t\t<div class=\"elementor-element elementor-element-edd9f38 e-flex e-con-boxed sc_layouts_column_icons_position_left e-con e-child\" data-id=\"edd9f38\" data-element_type=\"container\" data-e-type=\"container\">\n\t\t\t\t\t<div class=\"e-con-inner\">\n\t\t\t\t<div data-animation-type=\"block\" class=\"elementor-element elementor-element-3d8394c elementor-widget-mobile__width-initial animation_type_block sc_fly_static elementor-invisible elementor-widget elementor-widget-image\" data-id=\"3d8394c\" data-element_type=\"widget\" data-e-type=\"widget\" data-settings=\"{&quot;_animation_delay&quot;:100,&quot;_animation&quot;:&quot;ta_fadeinup&quot;}\" data-widget_type=\"image.default\">\n\t\t\t\t\t\t\t\t\t\t\t\t\t\t\t<img decoding=\"async\" width=\"820\" height=\"900\" src=\"https:\/\/madisticaret.com\/wp-content\/uploads\/2026\/02\/ma_addition_scrn-e1771556843375.png\" class=\"attachment-full size-full wp-image-6612\" alt=\"\" srcset=\"https:\/\/madisticaret.com\/wp-content\/uploads\/2026\/02\/ma_addition_scrn-e1771556843375.png 820w, https:\/\/madisticaret.com\/wp-content\/uploads\/2026\/02\/ma_addition_scrn-e1771556843375-273x300.png 273w, https:\/\/madisticaret.com\/wp-content\/uploads\/2026\/02\/ma_addition_scrn-e1771556843375-768x843.png 768w, https:\/\/madisticaret.com\/wp-content\/uploads\/2026\/02\/ma_addition_scrn-e1771556843375-370x406.png 370w, https:\/\/madisticaret.com\/wp-content\/uploads\/2026\/02\/ma_addition_scrn-e1771556843375-410x450.png 410w\" sizes=\"(max-width: 820px) 100vw, 820px\" \/>\t\t\t\t\t\t\t\t\t\t\t\t\t\t\t<\/div>\n\t\t\t\t<div data-animation-type=\"block\" class=\"elementor-element elementor-element-262717e elementor-widget-mobile__width-initial animation_type_block sc_fly_static elementor-invisible elementor-widget elementor-widget-image\" data-id=\"262717e\" data-element_type=\"widget\" data-e-type=\"widget\" data-settings=\"{&quot;_animation_delay&quot;:200,&quot;_animation&quot;:&quot;ta_fadeinup&quot;}\" data-widget_type=\"image.default\">\n\t\t\t\t\t\t\t\t\t\t\t\t\t\t\t<img decoding=\"async\" width=\"820\" height=\"900\" src=\"https:\/\/madisticaret.com\/wp-content\/uploads\/2026\/03\/gemi-genel-scaled-e1773517073689.jpeg\" class=\"attachment-full size-full wp-image-8100\" alt=\"\" srcset=\"https:\/\/madisticaret.com\/wp-content\/uploads\/2026\/03\/gemi-genel-scaled-e1773517073689.jpeg 820w, https:\/\/madisticaret.com\/wp-content\/uploads\/2026\/03\/gemi-genel-scaled-e1773517073689-273x300.jpeg 273w, https:\/\/madisticaret.com\/wp-content\/uploads\/2026\/03\/gemi-genel-scaled-e1773517073689-768x843.jpeg 768w, https:\/\/madisticaret.com\/wp-content\/uploads\/2026\/03\/gemi-genel-scaled-e1773517073689-370x406.jpeg 370w, https:\/\/madisticaret.com\/wp-content\/uploads\/2026\/03\/gemi-genel-scaled-e1773517073689-410x450.jpeg 410w\" sizes=\"(max-width: 820px) 100vw, 820px\" \/>\t\t\t\t\t\t\t\t\t\t\t\t\t\t\t<\/div>\n\t\t\t\t<div data-animation-type=\"block\" class=\"elementor-element elementor-element-d4877d9 animation_type_block sc_fly_static elementor-invisible elementor-widget elementor-widget-image\" data-id=\"d4877d9\" data-element_type=\"widget\" data-e-type=\"widget\" data-settings=\"{&quot;_animation_delay&quot;:300,&quot;_animation&quot;:&quot;ta_fadeinup&quot;}\" data-widget_type=\"image.default\">\n\t\t\t\t\t\t\t\t\t\t\t\t\t\t\t<img loading=\"lazy\" decoding=\"async\" width=\"820\" height=\"898\" src=\"https:\/\/madisticaret.com\/wp-content\/uploads\/2026\/03\/MA-2-scaled-e1773518088660.png\" class=\"attachment-full size-full wp-image-8173\" alt=\"\" srcset=\"https:\/\/madisticaret.com\/wp-content\/uploads\/2026\/03\/MA-2-scaled-e1773518088660.png 820w, https:\/\/madisticaret.com\/wp-content\/uploads\/2026\/03\/MA-2-scaled-e1773518088660-274x300.png 274w, https:\/\/madisticaret.com\/wp-content\/uploads\/2026\/03\/MA-2-scaled-e1773518088660-768x841.png 768w, https:\/\/madisticaret.com\/wp-content\/uploads\/2026\/03\/MA-2-scaled-e1773518088660-370x405.png 370w, https:\/\/madisticaret.com\/wp-content\/uploads\/2026\/03\/MA-2-scaled-e1773518088660-410x449.png 410w\" sizes=\"(max-width: 820px) 100vw, 820px\" \/>\t\t\t\t\t\t\t\t\t\t\t\t\t\t\t<\/div>\n\t\t\t\t\t<\/div>\n\t\t\t\t<\/div>\n\t\t\t\t<\/div>\n\t\t\t\t<\/div>\n\t\t","protected":false},"excerpt":{"rendered":"<p>Our products Zinc and Aluminium \u00c7inko ve Al\u00fcminyum Sekt\u00f6r\u00fc Aluminium and zinc are&hellip;<\/p>\n","protected":false},"author":1,"featured_media":0,"parent":0,"menu_order":0,"comment_status":"closed","ping_status":"closed","template":"","meta":{"_acf_changed":false,"footnotes":""},"class_list":["post-6654","page","type-page","status-publish","hentry"],"acf":[],"_links":{"self":[{"href":"https:\/\/madisticaret.com\/en\/wp-json\/wp\/v2\/pages\/6654","targetHints":{"allow":["GET"]}}],"collection":[{"href":"https:\/\/madisticaret.com\/en\/wp-json\/wp\/v2\/pages"}],"about":[{"href":"https:\/\/madisticaret.com\/en\/wp-json\/wp\/v2\/types\/page"}],"author":[{"embeddable":true,"href":"https:\/\/madisticaret.com\/en\/wp-json\/wp\/v2\/users\/1"}],"replies":[{"embeddable":true,"href":"https:\/\/madisticaret.com\/en\/wp-json\/wp\/v2\/comments?post=6654"}],"version-history":[{"count":9,"href":"https:\/\/madisticaret.com\/en\/wp-json\/wp\/v2\/pages\/6654\/revisions"}],"predecessor-version":[{"id":8105,"href":"https:\/\/madisticaret.com\/en\/wp-json\/wp\/v2\/pages\/6654\/revisions\/8105"}],"wp:attachment":[{"href":"https:\/\/madisticaret.com\/en\/wp-json\/wp\/v2\/media?parent=6654"}],"curies":[{"name":"wp","href":"https:\/\/api.w.org\/{rel}","templated":true}]}}