{"id":6629,"date":"2026-02-20T05:50:55","date_gmt":"2026-02-20T02:50:55","guid":{"rendered":"https:\/\/madisticaret.com\/zinc-sulphate\/"},"modified":"2026-03-15T03:08:38","modified_gmt":"2026-03-15T00:08:38","slug":"zinc-sulphate","status":"publish","type":"page","link":"https:\/\/madisticaret.com\/en\/zinc-sulphate\/","title":{"rendered":"Zinc Sulphate"},"content":{"rendered":"\t\t<div data-elementor-type=\"wp-page\" data-elementor-id=\"6629\" class=\"elementor elementor-6629 elementor-6299\" data-elementor-post-type=\"page\">\n\t\t\t\t<div class=\"elementor-element elementor-element-ded4c98 e-flex e-con-boxed sc_layouts_column_icons_position_left e-con e-parent\" data-id=\"ded4c98\" data-element_type=\"container\" data-e-type=\"container\" data-settings=\"{&quot;background_background&quot;:&quot;classic&quot;}\">\n\t\t\t\t\t<div class=\"e-con-inner\">\n\t\t<div data-animation-type=\"block\" class=\"elementor-element elementor-element-a8bb0f4 e-con-full e-flex sc_layouts_column_icons_position_left animation_type_block elementor-invisible e-con e-child\" data-id=\"a8bb0f4\" data-element_type=\"container\" data-e-type=\"container\" data-settings=\"{&quot;animation&quot;:&quot;ta_fadeinup&quot;}\">\n\t\t\t\t<div class=\"elementor-element elementor-element-6871f63 sc_fly_static elementor-widget elementor-widget-heading\" data-id=\"6871f63\" data-element_type=\"widget\" data-e-type=\"widget\" data-widget_type=\"heading.default\">\n\t\t\t\t\t<p class=\"elementor-heading-title elementor-size-default\">Our products<\/p>\t\t\t\t<\/div>\n\t\t\t\t<div class=\"elementor-element elementor-element-cc4ba21 elementor-widget__width-initial sc_fly_static elementor-widget elementor-widget-heading\" data-id=\"cc4ba21\" data-element_type=\"widget\" data-e-type=\"widget\" data-widget_type=\"heading.default\">\n\t\t\t\t\t<h4 class=\"elementor-heading-title elementor-size-default\">Zinc Sulphate<\/h4>\t\t\t\t<\/div>\n\t\t\t\t<\/div>\n\t\t<div class=\"elementor-element elementor-element-a213849 e-grid e-con-full sc_layouts_column_icons_position_left e-con e-child\" data-id=\"a213849\" data-element_type=\"container\" data-e-type=\"container\">\n\t\t<div class=\"elementor-element elementor-element-e64043c e-con-full e-flex sc_layouts_column_icons_position_left e-con e-child\" data-id=\"e64043c\" data-element_type=\"container\" data-e-type=\"container\">\n\t\t\t\t<div data-animation-type=\"block\" class=\"elementor-element elementor-element-f862e2d animation_type_block sc_fly_static elementor-invisible elementor-widget elementor-widget-image\" data-id=\"f862e2d\" data-element_type=\"widget\" data-e-type=\"widget\" data-settings=\"{&quot;_animation&quot;:&quot;ta_fadeinup&quot;}\" data-widget_type=\"image.default\">\n\t\t\t\t\t\t\t\t\t\t\t\t\t\t\t<img fetchpriority=\"high\" decoding=\"async\" width=\"2560\" height=\"1707\" src=\"https:\/\/madisticaret.com\/wp-content\/uploads\/2026\/03\/zinc-cinko-scaled.jpeg\" class=\"attachment-full size-full wp-image-7807\" alt=\"\" srcset=\"https:\/\/madisticaret.com\/wp-content\/uploads\/2026\/03\/zinc-cinko-scaled.jpeg 2560w, https:\/\/madisticaret.com\/wp-content\/uploads\/2026\/03\/zinc-cinko-300x200.jpeg 300w, https:\/\/madisticaret.com\/wp-content\/uploads\/2026\/03\/zinc-cinko-1024x683.jpeg 1024w, https:\/\/madisticaret.com\/wp-content\/uploads\/2026\/03\/zinc-cinko-768x512.jpeg 768w, https:\/\/madisticaret.com\/wp-content\/uploads\/2026\/03\/zinc-cinko-1536x1024.jpeg 1536w, https:\/\/madisticaret.com\/wp-content\/uploads\/2026\/03\/zinc-cinko-2048x1365.jpeg 2048w, https:\/\/madisticaret.com\/wp-content\/uploads\/2026\/03\/zinc-cinko-370x247.jpeg 370w, https:\/\/madisticaret.com\/wp-content\/uploads\/2026\/03\/zinc-cinko-924x616.jpeg 924w, https:\/\/madisticaret.com\/wp-content\/uploads\/2026\/03\/zinc-cinko-410x273.jpeg 410w\" sizes=\"(max-width: 2560px) 100vw, 2560px\" \/>\t\t\t\t\t\t\t\t\t\t\t\t\t\t\t<\/div>\n\t\t\t\t<\/div>\n\t\t<div class=\"elementor-element elementor-element-a83fa8b e-con-full e-flex sc_layouts_column_icons_position_left e-con e-child\" data-id=\"a83fa8b\" data-element_type=\"container\" data-e-type=\"container\">\n\t\t\t\t<div class=\"elementor-element elementor-element-c0c3c31 sc_gradient_animation_none sc_fly_static elementor-widget elementor-widget-text-editor\" data-id=\"c0c3c31\" data-element_type=\"widget\" data-e-type=\"widget\" data-widget_type=\"text-editor.default\">\n\t\t\t\t\t\t\t\t\t<style>.table_component {overflow:auto;width:100%;} .table_component table {border:1px solid #dededf;height:100%;width:100%;table-layout:auto;border-collapse:collapse;border-spacing:1px;text-align:left;} .table_component caption {caption-side:top;text-align:left;} .table_component th {border:1px solid #dededf;background-color:#ffffff;color:#000000;padding:5px;} .table_component td {border:1px solid #dededf;padding:5px;} .table_component tr:nth-child(even) td {background-color:#ffffff;color:#000000;} .table_component tr:nth-child(odd) td {background-color:#ededed;color:#000000;}<br \/><\/style><div class=\"table_component\" tabindex=\"0\" role=\"region\"><table><caption><b>\u00c7\u0130NKO SULFAT &#8211; ZINC SULFATE<\/b><\/caption><thead><tr><th>TESTLER<\/th><th>TESTS<\/th><th>L\u0130M\u0130TLER (LIMITS)<\/th><\/tr><\/thead><tbody><tr><td>\u00c7inko (Zn)<\/td><td>Zinc (Zn)<\/td><td>22,3 % min<\/td><\/tr><tr><td>Demir (Fe)<\/td><td>Iron (Fe)<\/td><td>10 ppm max<\/td><\/tr><tr><td>Kur\u015fun (Pb)<\/td><td>Lead (Pb)<\/td><td>1 ppm max<\/td><\/tr><tr><td>Kadmiyum (Cd)<\/td><td>Cadmium (Cd)<\/td><td>1 ppm max<\/td><\/tr><tr><td>Arsenik (As)<\/td><td>Arcenic (As)<\/td><td>0,1 ppm max<\/td><\/tr><tr><td>Civa (Hg)<\/td><td>Mercury (Hg)<\/td><td>0,1 ppm max<\/td><\/tr><tr><td>Serbest Rutubet<\/td><td>Free Moisture<\/td><td>0,5 % max<\/td><\/tr><tr><td>pH ( %5 \u00e7\u00f6zeltide)<\/td><td>pH ( in 5% Solution)<\/td><td>3-5<\/td><\/tr><tr><td>Ebat<\/td><td>Size<\/td><td>&lt;3 mm<\/td><\/tr><tr><td>G\u00f6r\u00fcn\u00fcm<\/td><td>Appearance<\/td><td>Beyaz Kristal (White Crystal)<\/td><\/tr><tr><td>Suda \u00c7\u00f6z\u00fcn\u00fcrl\u00fck<\/td><td>Solubility In Water<\/td><td>Tamam\u0131 Suda \u00c7\u00f6z\u00fcn\u00fcr (All water-soluble)<\/td><\/tr><\/tbody><\/table><\/div>\t\t\t\t\t\t\t\t<\/div>\n\t\t\t\t<\/div>\n\t\t\t\t<\/div>\n\t\t<div data-animation-type=\"block\" class=\"elementor-element elementor-element-9f27b4a e-con-full e-flex sc_layouts_column_icons_position_left animation_type_block elementor-invisible e-con e-child\" data-id=\"9f27b4a\" data-element_type=\"container\" data-e-type=\"container\" data-settings=\"{&quot;animation&quot;:&quot;ta_fadeinup&quot;,&quot;animation_delay&quot;:100,&quot;background_background&quot;:&quot;classic&quot;}\">\n\t\t<div class=\"elementor-element elementor-element-8bd9747 e-con-full e-flex sc_layouts_column_icons_position_left e-con e-child\" data-id=\"8bd9747\" data-element_type=\"container\" data-e-type=\"container\">\n\t\t<div class=\"elementor-element elementor-element-596efb3 e-con-full e-flex sc_layouts_column_icons_position_left e-con e-child\" data-id=\"596efb3\" data-element_type=\"container\" data-e-type=\"container\">\n\t\t\t\t<div class=\"elementor-element elementor-element-970f71a elementor-view-default sc_fly_static elementor-widget elementor-widget-icon\" data-id=\"970f71a\" data-element_type=\"widget\" data-e-type=\"widget\" data-widget_type=\"icon.default\">\n\t\t\t\t\t\t\t<div class=\"elementor-icon-wrapper\">\n\t\t\t<div class=\"elementor-icon\">\n\t\t\t<svg aria-hidden=\"true\" class=\"e-font-icon-svg e-fas-chevron-circle-down\" viewBox=\"0 0 512 512\" xmlns=\"http:\/\/www.w3.org\/2000\/svg\"><path d=\"M504 256c0 137-111 248-248 248S8 393 8 256 119 8 256 8s248 111 248 248zM273 369.9l135.5-135.5c9.4-9.4 9.4-24.6 0-33.9l-17-17c-9.4-9.4-24.6-9.4-33.9 0L256 285.1 154.4 183.5c-9.4-9.4-24.6-9.4-33.9 0l-17 17c-9.4 9.4-9.4 24.6 0 33.9L239 369.9c9.4 9.4 24.6 9.4 34 0z\"><\/path><\/svg>\t\t\t<\/div>\n\t\t<\/div>\n\t\t\t\t\t\t<\/div>\n\t\t\t\t<div class=\"elementor-element elementor-element-6deb7fd sc_fly_static elementor-widget elementor-widget-heading\" data-id=\"6deb7fd\" data-element_type=\"widget\" data-e-type=\"widget\" data-widget_type=\"heading.default\">\n\t\t\t\t\t<h5 class=\"elementor-heading-title elementor-size-default\">Zinc Sulfate<\/h5>\t\t\t\t<\/div>\n\t\t\t\t<div class=\"elementor-element elementor-element-39d3a4b sc_fly_static elementor-widget elementor-widget-text-editor\" data-id=\"39d3a4b\" data-element_type=\"widget\" data-e-type=\"widget\" data-widget_type=\"text-editor.default\">\n\t\t\t\t\t\t\t\t\t<div class=\"elementor-element elementor-element-36377b4 elementor-widget elementor-widget-text-editor\" data-id=\"36377b4\" data-element_type=\"widget\" data-e-type=\"widget\" data-widget_type=\"text-editor.default\"><div class=\"elementor-widget-container\"><div class=\"elementor-element elementor-element-36377b4 elementor-widget elementor-widget-text-editor\" data-id=\"36377b4\" data-element_type=\"widget\" data-e-type=\"widget\" data-widget_type=\"text-editor.default\"><div class=\"elementor-widget-container\"><div class=\"elementor-element elementor-element-36377b4 elementor-widget elementor-widget-text-editor\" data-id=\"36377b4\" data-element_type=\"widget\" data-e-type=\"widget\" data-widget_type=\"text-editor.default\"><div class=\"elementor-widget-container\"><div class=\"elementor-element elementor-element-36377b4 elementor-widget elementor-widget-text-editor\" data-id=\"36377b4\" data-element_type=\"widget\" data-e-type=\"widget\" data-widget_type=\"text-editor.default\"><div class=\"elementor-widget-container\">Zinc Sulphate is a high-quality product used in agriculture to promote healthy plant growth and increase yield. This compound provides plants with the zinc they need and is a highly effective fertiliser in areas where the soil is deficient in zinc. It is particularly preferred in agricultural production when plants have high zinc requirements. Zinc Sulphate is also used in the food and water sectors as an important additive to prevent zinc deficiency.   <\/div><\/div><\/div><\/div><\/div><\/div><\/div><\/div>\t\t\t\t\t\t\t\t<\/div>\n\t\t\t\t<\/div>\n\t\t<div class=\"elementor-element elementor-element-c25f803 e-con-full e-flex sc_layouts_column_icons_position_left e-con e-child\" data-id=\"c25f803\" data-element_type=\"container\" data-e-type=\"container\">\n\t\t\t\t<div class=\"elementor-element elementor-element-2813580 elementor-view-default sc_fly_static elementor-widget elementor-widget-icon\" data-id=\"2813580\" data-element_type=\"widget\" data-e-type=\"widget\" data-widget_type=\"icon.default\">\n\t\t\t\t\t\t\t<div class=\"elementor-icon-wrapper\">\n\t\t\t<div class=\"elementor-icon\">\n\t\t\t<svg aria-hidden=\"true\" class=\"e-font-icon-svg e-fas-angle-down\" viewBox=\"0 0 320 512\" xmlns=\"http:\/\/www.w3.org\/2000\/svg\"><path d=\"M143 352.3L7 216.3c-9.4-9.4-9.4-24.6 0-33.9l22.6-22.6c9.4-9.4 24.6-9.4 33.9 0l96.4 96.4 96.4-96.4c9.4-9.4 24.6-9.4 33.9 0l22.6 22.6c9.4 9.4 9.4 24.6 0 33.9l-136 136c-9.2 9.4-24.4 9.4-33.8 0z\"><\/path><\/svg>\t\t\t<\/div>\n\t\t<\/div>\n\t\t\t\t\t\t<\/div>\n\t\t\t\t<div class=\"elementor-element elementor-element-e65474f sc_fly_static elementor-widget elementor-widget-heading\" data-id=\"e65474f\" data-element_type=\"widget\" data-e-type=\"widget\" data-widget_type=\"heading.default\">\n\t\t\t\t\t<h5 class=\"elementor-heading-title elementor-size-default\">Usage Areas<\/h5>\t\t\t\t<\/div>\n\t\t\t\t<div class=\"elementor-element elementor-element-7ba64c7 sc_fly_static elementor-widget elementor-widget-text-editor\" data-id=\"7ba64c7\" data-element_type=\"widget\" data-e-type=\"widget\" data-widget_type=\"text-editor.default\">\n\t\t\t\t\t\t\t\t\t<p><em><strong>Zinc Sulphate<\/strong><\/em> can be used in agriculture on fruit trees, cereals, vegetables and other plants. It supports plant health and increases crop yields, particularly in soils with high zinc requirements. It is also used in the industrial and food sectors to remedy zinc deficiency.  <\/p>\t\t\t\t\t\t\t\t<\/div>\n\t\t\t\t<\/div>\n\t\t\t\t<\/div>\n\t\t\t\t<\/div>\n\t\t\t\t\t<\/div>\n\t\t\t\t<\/div>\n\t\t<div class=\"elementor-element elementor-element-cee5faa e-con-full e-flex sc_layouts_column_icons_position_left e-con e-parent\" data-id=\"cee5faa\" data-element_type=\"container\" data-e-type=\"container\" data-settings=\"{&quot;background_background&quot;:&quot;classic&quot;}\">\n\t\t<div class=\"elementor-element elementor-element-edd9f38 e-flex e-con-boxed sc_layouts_column_icons_position_left e-con e-child\" data-id=\"edd9f38\" data-element_type=\"container\" data-e-type=\"container\">\n\t\t\t\t\t<div class=\"e-con-inner\">\n\t\t\t\t<div data-animation-type=\"block\" class=\"elementor-element elementor-element-3d8394c elementor-widget-mobile__width-initial animation_type_block sc_fly_static elementor-invisible elementor-widget elementor-widget-image\" data-id=\"3d8394c\" data-element_type=\"widget\" data-e-type=\"widget\" data-settings=\"{&quot;_animation_delay&quot;:100,&quot;_animation&quot;:&quot;ta_fadeinup&quot;}\" data-widget_type=\"image.default\">\n\t\t\t\t\t\t\t\t\t\t\t\t\t\t\t<img decoding=\"async\" width=\"820\" height=\"900\" src=\"https:\/\/madisticaret.com\/wp-content\/uploads\/2026\/02\/ma_addition_scrn-e1771556843375.png\" class=\"attachment-full size-full wp-image-6612\" alt=\"\" srcset=\"https:\/\/madisticaret.com\/wp-content\/uploads\/2026\/02\/ma_addition_scrn-e1771556843375.png 820w, https:\/\/madisticaret.com\/wp-content\/uploads\/2026\/02\/ma_addition_scrn-e1771556843375-273x300.png 273w, https:\/\/madisticaret.com\/wp-content\/uploads\/2026\/02\/ma_addition_scrn-e1771556843375-768x843.png 768w, https:\/\/madisticaret.com\/wp-content\/uploads\/2026\/02\/ma_addition_scrn-e1771556843375-370x406.png 370w, https:\/\/madisticaret.com\/wp-content\/uploads\/2026\/02\/ma_addition_scrn-e1771556843375-410x450.png 410w\" sizes=\"(max-width: 820px) 100vw, 820px\" \/>\t\t\t\t\t\t\t\t\t\t\t\t\t\t\t<\/div>\n\t\t\t\t<div data-animation-type=\"block\" class=\"elementor-element elementor-element-262717e elementor-widget-mobile__width-initial animation_type_block sc_fly_static elementor-invisible elementor-widget elementor-widget-image\" data-id=\"262717e\" data-element_type=\"widget\" data-e-type=\"widget\" data-settings=\"{&quot;_animation_delay&quot;:200,&quot;_animation&quot;:&quot;ta_fadeinup&quot;}\" data-widget_type=\"image.default\">\n\t\t\t\t\t\t\t\t\t\t\t\t\t\t\t<img decoding=\"async\" width=\"820\" height=\"900\" src=\"https:\/\/madisticaret.com\/wp-content\/uploads\/2026\/03\/gemi-genel-scaled-e1773517073689.jpeg\" class=\"attachment-full size-full wp-image-8100\" alt=\"\" srcset=\"https:\/\/madisticaret.com\/wp-content\/uploads\/2026\/03\/gemi-genel-scaled-e1773517073689.jpeg 820w, https:\/\/madisticaret.com\/wp-content\/uploads\/2026\/03\/gemi-genel-scaled-e1773517073689-273x300.jpeg 273w, https:\/\/madisticaret.com\/wp-content\/uploads\/2026\/03\/gemi-genel-scaled-e1773517073689-768x843.jpeg 768w, https:\/\/madisticaret.com\/wp-content\/uploads\/2026\/03\/gemi-genel-scaled-e1773517073689-370x406.jpeg 370w, https:\/\/madisticaret.com\/wp-content\/uploads\/2026\/03\/gemi-genel-scaled-e1773517073689-410x450.jpeg 410w\" sizes=\"(max-width: 820px) 100vw, 820px\" \/>\t\t\t\t\t\t\t\t\t\t\t\t\t\t\t<\/div>\n\t\t\t\t<div data-animation-type=\"block\" class=\"elementor-element elementor-element-d4877d9 animation_type_block sc_fly_static elementor-invisible elementor-widget elementor-widget-image\" data-id=\"d4877d9\" data-element_type=\"widget\" data-e-type=\"widget\" data-settings=\"{&quot;_animation_delay&quot;:300,&quot;_animation&quot;:&quot;ta_fadeinup&quot;}\" data-widget_type=\"image.default\">\n\t\t\t\t\t\t\t\t\t\t\t\t\t\t\t<img loading=\"lazy\" decoding=\"async\" width=\"820\" height=\"898\" src=\"https:\/\/madisticaret.com\/wp-content\/uploads\/2026\/03\/MA-2-scaled-e1773518088660.png\" class=\"attachment-full size-full wp-image-8173\" alt=\"\" srcset=\"https:\/\/madisticaret.com\/wp-content\/uploads\/2026\/03\/MA-2-scaled-e1773518088660.png 820w, https:\/\/madisticaret.com\/wp-content\/uploads\/2026\/03\/MA-2-scaled-e1773518088660-274x300.png 274w, https:\/\/madisticaret.com\/wp-content\/uploads\/2026\/03\/MA-2-scaled-e1773518088660-768x841.png 768w, https:\/\/madisticaret.com\/wp-content\/uploads\/2026\/03\/MA-2-scaled-e1773518088660-370x405.png 370w, https:\/\/madisticaret.com\/wp-content\/uploads\/2026\/03\/MA-2-scaled-e1773518088660-410x449.png 410w\" sizes=\"(max-width: 820px) 100vw, 820px\" \/>\t\t\t\t\t\t\t\t\t\t\t\t\t\t\t<\/div>\n\t\t\t\t\t<\/div>\n\t\t\t\t<\/div>\n\t\t\t\t<\/div>\n\t\t\t\t<\/div>\n\t\t","protected":false},"excerpt":{"rendered":"<p>Our products Zinc Sulphate \u00c7\u0130NKO SULFAT &#8211; ZINC SULFATE TESTLER TESTS L\u0130M\u0130TLER (LIMITS)&hellip;<\/p>\n","protected":false},"author":1,"featured_media":0,"parent":0,"menu_order":0,"comment_status":"closed","ping_status":"closed","template":"","meta":{"_acf_changed":false,"footnotes":""},"class_list":["post-6629","page","type-page","status-publish","hentry"],"acf":[],"_links":{"self":[{"href":"https:\/\/madisticaret.com\/en\/wp-json\/wp\/v2\/pages\/6629","targetHints":{"allow":["GET"]}}],"collection":[{"href":"https:\/\/madisticaret.com\/en\/wp-json\/wp\/v2\/pages"}],"about":[{"href":"https:\/\/madisticaret.com\/en\/wp-json\/wp\/v2\/types\/page"}],"author":[{"embeddable":true,"href":"https:\/\/madisticaret.com\/en\/wp-json\/wp\/v2\/users\/1"}],"replies":[{"embeddable":true,"href":"https:\/\/madisticaret.com\/en\/wp-json\/wp\/v2\/comments?post=6629"}],"version-history":[{"count":9,"href":"https:\/\/madisticaret.com\/en\/wp-json\/wp\/v2\/pages\/6629\/revisions"}],"predecessor-version":[{"id":8217,"href":"https:\/\/madisticaret.com\/en\/wp-json\/wp\/v2\/pages\/6629\/revisions\/8217"}],"wp:attachment":[{"href":"https:\/\/madisticaret.com\/en\/wp-json\/wp\/v2\/media?parent=6629"}],"curies":[{"name":"wp","href":"https:\/\/api.w.org\/{rel}","templated":true}]}}